{"id":5670,"date":"2016-02-11T23:04:09","date_gmt":"2016-02-11T22:04:09","guid":{"rendered":"https:\/\/www.creativejuiz.fr\/blog\/en\/?page_id=5670"},"modified":"2016-02-11T23:04:09","modified_gmt":"2016-02-11T22:04:09","slug":"legal-terms","status":"publish","type":"page","link":"https:\/\/www.creativejuiz.fr\/blog\/en\/legal-terms","title":{"rendered":"Legal Terms"},"content":{"rendered":"<h2>Definitions<\/h2>\n<ul>\n<li>Blog : it define that blog, hosted at https:\/\/www.creativejuiz.fr\/blog\/ and all of its pages.<\/li>\n<li>Publisher : his name is Geoffrey Crofte, this blog creator.<\/li>\n<li>Authors or Author : it&#8217;s an original writer of one or several posts in that Blog.<\/li>\n<li>Members or Member : it&#8217;s a Blog user, logged in that Blog.<\/li>\n<\/ul>\n<h2>Administrative informations<\/h2>\n<p>This Blog is historically edited by the Publisher as a personal blog. It doesn&#8217;t have any lucrative purpose. However, it is bound to the individual Geoffrey Crofte&#8217;s company.<\/p>\n<p><strong>Publisher<\/strong> : Geoffrey Crofte (Creative Juiz)<br \/>\n<strong>Head Office<\/strong> : 41 route du Polygone &#8211; 67100 Strasbourg<br \/>\n<strong> Siret<\/strong> : 523 410 538 00038 &#8211; APE : 6201Z<br \/>\n<strong> Host<\/strong> : OVH, 2 Rue Kellermann, 59100 Roubaix &#8211; Server maintained by Guillaume Focheux (<a href=\"http:\/\/boot.re\">Boot.re<\/a>)<\/p>\n<h2>Personnal datas<\/h2>\n<p><em>Translation coming\u2026<\/em><\/p>\n<p>Les donn\u00e9es personnelles collect\u00e9es par le Blog via le formulaire de contact sont uniquement destin\u00e9es \u00e0 un usage interne. En aucun cas ces donn\u00e9es ne seront c\u00e9d\u00e9es, communiqu\u00e9es, vendues \u00e0 des tiers ou r\u00e9utilis\u00e9es dans un cadre non sollicit\u00e9 par vos soins. Votre adresse e-mail ne sera ni stock\u00e9e dans une base de donn\u00e9es ni r\u00e9utilis\u00e9e (sauf pour r\u00e9pondre \u00e0 une demande de contact e-mail). Conform\u00e9ment \u00e0 la l\u00e9gislation fran\u00e7aise, le Blog n&#8217;a aucune obligation de d\u00e9claration \u00e0 la CNIL, cependant vous disposez d&#8217;un droit d&#8217;acc\u00e8s, de modification, de rectification et de suppression des donn\u00e9es qui vous concernent.<\/p>\n<p>Les donn\u00e9es collect\u00e9e lors de l&#8217;enregistrement d&#8217;un Membre ne sont utilis\u00e9es qu&#8217;\u00e0 des fins de gestion de ses pr\u00e9f\u00e9rences et bon fonctionnement du Blog et de ses espaces privatifs.<\/p>\n<h2>Cookies<\/h2>\n<p>Les cookies sont des petits fichiers que votre navigateur re\u00e7oit de notre serveur pour y stocker vos pr\u00e9f\u00e9rences. Le Blog n&#8217;utilise aucun cookie sur ce site en-dehors de ceux inclus par Piwik, outil de statistique de visites. Cet outil collecte des adresses IP masqu\u00e9es et n&#8217;impose pas au Blog de demander votre accord quant \u00e0 l&#8217;autorisation de stockage de ces fichiers.<\/p>\n<h2>Liens<\/h2>\n<p>Les sites reli\u00e9s directement ou indirectement au Blog, notamment dans les diff\u00e9rents articles ou le bloc de partenaires, ne sont pas sous son contr\u00f4le. En cons\u00e9quence, l&#8217;\u00c9diteur n&#8217;assume aucune responsabilit\u00e9 quant aux informations publi\u00e9es sur ces sites. Les liens avec des sites ext\u00e9rieurs ne sont fournis qu&#8217;\u00e0 titre de commodit\u00e9 et n&#8217;impliquent aucune caution quant \u00e0 leur contenu. Cependant n&#8217;h\u00e9sitez pas \u00e0 signaler tout contenu qui vous choquerait.<\/p>\n<h2>Contenus et outils<\/h2>\n<p>L&#8217;\u00c9diteur n&#8217;assure aucune garantie quant \u00e0 la fiabilit\u00e9 ou au fonctionnement de ce service. L&#8217;\u00c9diteur ne peut en aucun cas \u00eatre tenu pour responsable de tous dommages quels qu&#8217;ils soient, y compris mais non de fa\u00e7on limitative, des dommages directs, indirects, accessoires ou incidents, des pertes de b\u00e9n\u00e9fices ou de l&#8217;interruption d&#8217;activit\u00e9, r\u00e9sultant de l&#8217;utilisation ou de l&#8217;impossibilit\u00e9 d&#8217;utilisation de ce service.<\/p>\n<h2>Cr\u00e9dits et Reproduction<\/h2>\n<p>Le contenu du Blog est soumis au droit d&#8217;auteur et il est interdit de reproduire, repr\u00e9senter, transf\u00e9rer, distribuer, ou d&#8217;enregistrer tout ou partie de ces \u00e9l\u00e9ments, sous quelque forme que ce soit, sans l&#8217;accord pr\u00e9alable et \u00e9crit de l&#8217;\u00c9diteur et des Auteurs des contenus. Les images et illustrations utilis\u00e9es sont r\u00e9alis\u00e9es par l&#8217;\u00c9diteur ou l&#8217;Auteur. Certains des ic\u00f4nes pr\u00e9sentes sur le Blog sont produites par icon8.com.<\/p>\n","protected":false},"excerpt":{"rendered":"<p>Definitions Blog : it define that blog, hosted at https:\/\/www.creativejuiz.fr\/blog\/ and all of its pages. Publisher : his name is Geoffrey Crofte, this blog creator. Authors or Author : it&#8217;s an original writer of one or several posts in that Blog. Members or Member : it&#8217;s a Blog user, logged in that Blog. Administrative informations [&hellip;]<\/p>\n","protected":false},"author":4,"featured_media":0,"parent":0,"menu_order":0,"comment_status":"closed","ping_status":"closed","template":"","meta":{"_acf_changed":false,"footnotes":""},"coauthors":[597],"class_list":["post-5670","page","type-page","status-publish","hentry"],"acf":[],"aioseo_notices":[],"_links":{"self":[{"href":"https:\/\/www.creativejuiz.fr\/blog\/en\/wp-json\/wp\/v2\/pages\/5670","targetHints":{"allow":["GET"]}}],"collection":[{"href":"https:\/\/www.creativejuiz.fr\/blog\/en\/wp-json\/wp\/v2\/pages"}],"about":[{"href":"https:\/\/www.creativejuiz.fr\/blog\/en\/wp-json\/wp\/v2\/types\/page"}],"author":[{"embeddable":true,"href":"https:\/\/www.creativejuiz.fr\/blog\/en\/wp-json\/wp\/v2\/users\/4"}],"replies":[{"embeddable":true,"href":"https:\/\/www.creativejuiz.fr\/blog\/en\/wp-json\/wp\/v2\/comments?post=5670"}],"version-history":[{"count":0,"href":"https:\/\/www.creativejuiz.fr\/blog\/en\/wp-json\/wp\/v2\/pages\/5670\/revisions"}],"wp:attachment":[{"href":"https:\/\/www.creativejuiz.fr\/blog\/en\/wp-json\/wp\/v2\/media?parent=5670"}],"wp:term":[{"taxonomy":"author","embeddable":true,"href":"https:\/\/www.creativejuiz.fr\/blog\/en\/wp-json\/wp\/v2\/coauthors?post=5670"}],"curies":[{"name":"wp","href":"https:\/\/api.w.org\/{rel}","templated":true}]}}