{"id":10,"date":"2010-05-19T14:53:14","date_gmt":"2010-05-19T12:53:14","guid":{"rendered":"http:\/\/creativejuiz.fr\/blog\/?page_id=10"},"modified":"2024-03-19T17:43:39","modified_gmt":"2024-03-19T16:43:39","slug":"contact","status":"publish","type":"page","link":"https:\/\/www.creativejuiz.fr\/blog\/contact","title":{"rendered":"Me contacter"},"content":{"rendered":"<h3>Restons en contact !<\/h3>\n<p>Il peut vous arriver d&rsquo;avoir une soudaine envie de vous exprimer directement au concepteur de ce blog, soit pour lui crier dessus, soit pour lui dire des mots doux. Dans les deux cas (pas en m\u00eame temps, \u00e7a ferait bizarre) je vous invite \u00e0 me contacter via l&rsquo;un des canaux que l&rsquo;utilise r\u00e9guli\u00e8rement.<\/p>\n<ul>\n<li>X\/Twitter : <a href=\"https:\/\/twitter.com\/geoffreycrofte\">https:\/\/twitter.com\/geoffreycrofte<\/a><\/li>\n<li>LinkedIn : <a href=\"https:\/\/linkedin.com\/in\/geoffreycrofte\">https:\/\/linkedin.com\/in\/geoffreycrofte<\/a><\/li>\n<li>Mastodon : <a href=\"https:\/\/mastodon.design\/@geoffreycrofte\">https:\/\/mastodon.design\/@geoffreycrofte<\/a><\/li>\n<li>Bluesky : <a href=\"https:\/\/bsky.app\/profile\/geoffreycrofte.bsky.social\">https:\/\/bsky.app\/profile\/geoffreycrofte.bsky.social<\/a><\/li>\n<li>Instagram : <a href=\"https:\/\/instagram.com\/geoffreycrofte\">https:\/\/instagram.com\/geoffreycrofte<\/a><\/li>\n<\/ul>\n<p>Si vous n&rsquo;\u00eates sur aucune de ces plateformes, tentez avec mon nom et mon pr\u00e9nom sur Gmail \ud83d\ude01<\/p>\n<p class=\"message\">Pour des raisons de disponibilit\u00e9, je ne pourrai pas vous assurer de support personnalis\u00e9 sur des cas particuliers de vos projets, pro ou perso.<\/p>\n<style id=\"wpforms-css-vars-8602\">\n\t\t\t\t#wpforms-8602 {\n\t\t\t\t\n\t\t\t}\n\t\t\t<\/style><div class=\"wpforms-container wpforms-container-full wpforms-render-modern\" id=\"wpforms-8602\"><form id=\"wpforms-form-8602\" class=\"wpforms-validate wpforms-form wpforms-ajax-form\" data-formid=\"8602\" method=\"post\" enctype=\"multipart\/form-data\" action=\"\/blog\/wp-json\/wp\/v2\/pages\/10\" data-token=\"2d7aa90ebf52856120d2d45f4aada9c0\" data-token-time=\"1777267052\"><div class=\"wpforms-head-container\"><\/div><noscript class=\"wpforms-error-noscript\">Veuillez activer JavaScript dans votre navigateur pour remplir ce formulaire.<\/noscript><div id=\"wpforms-error-noscript\" style=\"display: none;\">Veuillez activer JavaScript dans votre navigateur pour remplir ce formulaire.<\/div><div class=\"wpforms-field-container\"><div id=\"wpforms-8602-field_0-container\" class=\"wpforms-field wpforms-field-name\" data-field-id=\"0\"><label class=\"wpforms-field-label\" for=\"wpforms-8602-field_0\">Votre nom ou pseudonyme<\/label><input type=\"text\" id=\"wpforms-8602-field_0\" class=\"wpforms-field-medium\" name=\"wpforms[fields][0]\" aria-errormessage=\"wpforms-8602-field_0-error\" ><\/div><div id=\"wpforms-8602-field_1-container\" class=\"wpforms-field wpforms-field-email\" data-field-id=\"1\"><label class=\"wpforms-field-label\" for=\"wpforms-8602-field_1\">Votre adresse e-mail <span class=\"wpforms-required-label\" aria-hidden=\"true\">*<\/span><\/label><input type=\"email\" id=\"wpforms-8602-field_1\" class=\"wpforms-field-medium wpforms-field-required\" name=\"wpforms[fields][1]\" spellcheck=\"false\" aria-errormessage=\"wpforms-8602-field_1-error\" aria-describedby=\"wpforms-8602-field_1-description\" required><div id=\"wpforms-8602-field_1-description\" class=\"wpforms-field-description\">Ne sera pas utilis\u00e9e autrement que pour vous recontacter<\/div><\/div><div id=\"wpforms-8602-field_2-container\" class=\"wpforms-field wpforms-field-textarea\" data-field-id=\"2\"><label class=\"wpforms-field-label\" for=\"wpforms-8602-field_2\">Votre message <span class=\"wpforms-required-label\" aria-hidden=\"true\">*<\/span><\/label><textarea id=\"wpforms-8602-field_2\" class=\"wpforms-field-medium wpforms-field-required\" name=\"wpforms[fields][2]\" aria-errormessage=\"wpforms-8602-field_2-error\" required><\/textarea><\/div><\/div><!-- .wpforms-field-container --><div class=\"wpforms-submit-container\" ><input type=\"hidden\" name=\"wpforms[id]\" value=\"8602\"><input type=\"hidden\" name=\"page_title\" value=\"\"><input type=\"hidden\" name=\"page_url\" value=\"https:\/\/www.creativejuiz.fr\/blog\/wp-json\/wp\/v2\/pages\/10\"><input type=\"hidden\" name=\"url_referer\" value=\"\"><button type=\"submit\" name=\"wpforms[submit]\" id=\"wpforms-submit-8602\" class=\"wpforms-submit button\" data-alt-text=\"En cours d&#039;envoi\u2026\" data-submit-text=\"Envoyer mon message\" aria-live=\"assertive\" value=\"wpforms-submit\">Envoyer mon message<\/button><img decoding=\"async\" src=\"https:\/\/www.creativejuiz.fr\/blog\/wp-content\/plugins\/wpforms-lite\/assets\/images\/submit-spin.svg\" class=\"wpforms-submit-spinner\" style=\"display: none;\" width=\"26\" height=\"26\" alt=\"Chargement en cours\"><\/div><\/form><\/div>  <!-- .wpforms-container -->\n<h3>Partenariat et publicit\u00e9<\/h3>\n<p>Je re\u00e7ois \u00e9norm\u00e9ment de demande de partenariat, h\u00e9las je ne peux r\u00e9pondre favorablement \u00e0 toutes. Aujourd&rsquo;hui le blog fait environ 155000 pages vues pour 55000 visiteurs uniques par mois. Si vous souhaitez profiter de cette visibilit\u00e9 pour lancer l&rsquo;un de vos produits ou en faire la promotion, soyez le plus pr\u00e9cis et direct possible.<\/p>\n","protected":false},"excerpt":{"rendered":"<p>Restons en contact ! Il peut vous arriver d&rsquo;avoir une soudaine envie de vous exprimer directement au concepteur de ce blog, soit pour lui crier dessus, soit pour lui dire des mots doux. Dans les deux cas (pas en m\u00eame temps, \u00e7a ferait bizarre) je vous invite \u00e0 me contacter via l&rsquo;un des canaux que [&hellip;]<\/p>\n","protected":false},"author":4,"featured_media":0,"parent":0,"menu_order":0,"comment_status":"closed","ping_status":"closed","template":"","meta":{"_acf_changed":false,"footnotes":""},"coauthors":[597],"class_list":["post-10","page","type-page","status-publish","hentry"],"acf":[],"aioseo_notices":[],"_links":{"self":[{"href":"https:\/\/www.creativejuiz.fr\/blog\/wp-json\/wp\/v2\/pages\/10","targetHints":{"allow":["GET"]}}],"collection":[{"href":"https:\/\/www.creativejuiz.fr\/blog\/wp-json\/wp\/v2\/pages"}],"about":[{"href":"https:\/\/www.creativejuiz.fr\/blog\/wp-json\/wp\/v2\/types\/page"}],"author":[{"embeddable":true,"href":"https:\/\/www.creativejuiz.fr\/blog\/wp-json\/wp\/v2\/users\/4"}],"replies":[{"embeddable":true,"href":"https:\/\/www.creativejuiz.fr\/blog\/wp-json\/wp\/v2\/comments?post=10"}],"version-history":[{"count":4,"href":"https:\/\/www.creativejuiz.fr\/blog\/wp-json\/wp\/v2\/pages\/10\/revisions"}],"predecessor-version":[{"id":8619,"href":"https:\/\/www.creativejuiz.fr\/blog\/wp-json\/wp\/v2\/pages\/10\/revisions\/8619"}],"wp:attachment":[{"href":"https:\/\/www.creativejuiz.fr\/blog\/wp-json\/wp\/v2\/media?parent=10"}],"wp:term":[{"taxonomy":"author","embeddable":true,"href":"https:\/\/www.creativejuiz.fr\/blog\/wp-json\/wp\/v2\/coauthors?post=10"}],"curies":[{"name":"wp","href":"https:\/\/api.w.org\/{rel}","templated":true}]}}