{"id":4085,"date":"2014-07-05T00:16:57","date_gmt":"2014-07-04T22:16:57","guid":{"rendered":"https:\/\/www.creativejuiz.fr\/blog\/?page_id=4085"},"modified":"2020-03-30T16:22:50","modified_gmt":"2020-03-30T14:22:50","slug":"comment-soutenir-l-auteur","status":"publish","type":"page","link":"https:\/\/www.creativejuiz.fr\/blog\/comment-soutenir-l-auteur","title":{"rendered":"Comment soutenir l&rsquo;auteur\u00a0?"},"content":{"rendered":"<p>\u00c9diter un blog lorsque l&rsquo;on est seul \u00e0 le g\u00e9rer (il existe d&rsquo;<a href=\"#auteurs\">autres auteurs<\/a>), et lorsque l&rsquo;on embauche pas 2 stagiaires et 3 employ\u00e9s pay\u00e9s au lance-pierre, cela devient chronophage et relativement gourmand financi\u00e8rement.<br \/>\nBien entendu \u00e9crire pour ce blog est un plaisir et le soutient des lecteurs bien r\u00e9el. Cependant, lorsque le dilemme se pr\u00e9sente entre le choix d&rsquo;un nouveau contrat r\u00e9mun\u00e9r\u00e9 et la r\u00e9daction d&rsquo;une s\u00e9rie d&rsquo;articles, le besoin de me nourrir prend le dessus, et ce blog est alors mis en pause le temps de finaliser le contrat en cours.<\/p>\n<p>Vous vous \u00eates probablement attard\u00e9 sur cette page car l&rsquo;un des contenus de ce blog a attir\u00e9 votre attention. Si c&rsquo;est le cas, il vous est possible de soutenir la r\u00e9daction de nouveaux articles de plusieurs mani\u00e8res, et selon vos possibilit\u00e9s. Imaginez que chacun des 40000 visiteurs uniques chaque mois fasse un petit don de 0.5\u20ac s&rsquo;il a trouv\u00e9 un des articles int\u00e9ressants. Cela me laisserai probablement l&rsquo;opportunit\u00e9 de r\u00e9diger bien davantage d&rsquo;articles, pour mon plus grand plaisir, et pour le v\u00f4tre je l&rsquo;esp\u00e8re\u00a0!<\/p>\n<p>Personnellement, lorsque j&rsquo;utilise un plugin d&rsquo;un confr\u00e8re et que la finance me le permet, je donne 5\u00a0\u20ac via Paypal souvent, pour encourager la cr\u00e9ation et le service rendu.<br \/>\nJe vous laisse ma\u00eetre de votre bourse et vos choix de vie.<\/p>\n<h2>Faire un don<\/h2>\n<p>Vous pouvez utiliser l&rsquo;un des services suivants :<\/p>\n<h3>Paypal<\/h3>\n<p><a title=\"Faire un don Paypal\" href=\"https:\/\/www.paypal.com\/cgi-bin\/webscr?cmd=_donations&amp;business=P39NJPCWVXGDY&amp;lc=FR&amp;item_name=Creative%20Juiz&amp;item_number=%23support%2dblog&amp;currency_code=EUR&amp;bn=PP%2dDonationsBF%3abtn_donate_SM%2egif%3aNonHosted\"><img decoding=\"async\" src=\"https:\/\/www.paypalobjects.com\/fr_FR\/FR\/i\/btn\/btn_donate_SM.gif\" alt=\"Don PayPal\" width=\"108\" height=\"21\" \/><\/a><\/p>\n<h3>Flattr<\/h3>\n<p><a title=\"Donner pour ce blog\" href=\"https:\/\/flattr.com\/submit\/auto?user_id=creativejuiz&amp;url=https:\/\/www.creativejuiz.fr\/blog\/&amp;title=CreativeJuiz%20Blog&amp;description=Soutenir%20le%20blog%20de%20CreativeJuiz&amp;language=fr_FR&amp;tags=blog,webdesign&amp;category=text\"><img decoding=\"async\" src=\"https:\/\/api.flattr.com\/button\/flattr-badge-large.png\" alt=\"Flattr - Donner pour ce contenu\" width=\"93\" height=\"20\" \/><\/a><\/p>\n<h3>Bitcoin<\/h3>\n<p><code>3NEP71sbSSH81GRz2ByNnguSwvfJPKvJXU<\/code><br \/>\n<a href=\"https:\/\/www.creativejuiz.fr\/blog\/wp-content\/uploads\/2020\/03\/coinbase-bitcoin-wallet-qr-code.jpeg\"><img decoding=\"async\" class=\"alignnone size-medium wp-image-7303\" src=\"https:\/\/www.creativejuiz.fr\/blog\/wp-content\/uploads\/2020\/03\/coinbase-bitcoin-wallet-qr-code-290x300.jpeg\" alt=\"\" width=\"290\" height=\"300\" srcset=\"https:\/\/www.creativejuiz.fr\/blog\/wp-content\/uploads\/2020\/03\/coinbase-bitcoin-wallet-qr-code-290x300.jpeg 290w, https:\/\/www.creativejuiz.fr\/blog\/wp-content\/uploads\/2020\/03\/coinbase-bitcoin-wallet-qr-code.jpeg 548w\" sizes=\"(max-width: 290px) 100vw, 290px\" \/><\/a><\/p>\n<h3>Me faire un cadeau<\/h3>\n<p>Vous pouvez aussi<br \/>\n<a class=\"amazon-wish\" href=\"http:\/\/www.amazon.fr\/registry\/wishlist\/2ZSLOUY99GB08\">Piocher dans ma wishlist<\/a><\/p>\n<p>C&rsquo;est toujours un plaisir d&rsquo;\u00e9changer avec vous, alors si jamais vous faites un don, n&rsquo;h\u00e9sitez pas \u00e0 me laisser un <a href=\"https:\/\/www.creativejuiz.fr\/blog\/contact\">petit message<\/a> si le c\u0153ur vous en dit, ou sur <a href=\"https:\/\/twitter.com\/GeoffreyCrofte\">Twitter<\/a>.<\/p>\n<h2>Pourquoi donner\u00a0?<\/h2>\n<p>Tr\u00e8s bonne question, et vous \u00eates en droit de vous le demander.<br \/>\nCe blog et mes principes de vie m&rsquo;encouragent \u00e0 :<\/p>\n<ul>\n<li>r\u00e9mun\u00e9rer mon h\u00e9bergeur \u00e0 hauteur de 70 \u20ac par an<\/li>\n<li>acheter mon nom de domaine \u00e0 hauteur de 9 \u20ac par an<\/li>\n<li>r\u00eaver de consacrer plus de temps \u00e0 ce blog. Si les revenus de ce blog se r\u00e9v\u00e8lent suffisants, je pourrais r\u00e9duire le temps consacr\u00e9 \u00e0 mon activit\u00e9 de freelance (cr\u00e9ateur de sites web) pour me consacrer \u00e0 ce blog.<\/li>\n<li>contourner le syst\u00e8me en place, rassembler les gens autour d&rsquo;une m\u00eame passion et faire vivre le blog gr\u00e2ce \u00e0 ses lecteurs, et non gr\u00e2ce \u00e0 des publicit\u00e9s intrusives qui vous envahissent (il n&rsquo;y en a d&rsquo;ailleurs pas ici)<\/li>\n<li>donner \u00e0 mon tour ! Au plus on me donne, au plus je donne aux artistes et cr\u00e9ateurs que je soutiens, que j&rsquo;appr\u00e9cie, et qui m&rsquo;offrent du bonheur au quotidien.<\/li>\n<\/ul>\n<h2 id=\"auteurs\">D&rsquo;autres auteurs<\/h2>\n<p>Chaque auteur sur Creative Juiz peut b\u00e9n\u00e9ficier de votre don. Aussi, si un article en particulier vous a servi, prenez le temps de lire la petite \u00ab\u00a0box auteur\u00a0\u00bb en pied d&rsquo;article, celle-ci propose une pr\u00e9sentation de l&rsquo;auteur ainsi que deux boutons de donation (si l&rsquo;auteur le souhaite bien entendu) que vous pouvez utiliser librement.<\/p>\n<p class=\"center\"><a href=\"https:\/\/www.creativejuiz.fr\/blog\/wp-content\/uploads\/2014\/07\/dons-aux-auteurs.png\" rel=\"attachment wp-att-5818\"><img decoding=\"async\" class=\"aligncenter wp-image-5818\" src=\"https:\/\/www.creativejuiz.fr\/blog\/wp-content\/uploads\/2014\/07\/dons-aux-auteurs.png\" alt=\"dons-aux-auteurs\" width=\"539\" height=\"104\" srcset=\"https:\/\/www.creativejuiz.fr\/blog\/wp-content\/uploads\/2014\/07\/dons-aux-auteurs.png 1138w, https:\/\/www.creativejuiz.fr\/blog\/wp-content\/uploads\/2014\/07\/dons-aux-auteurs-300x58.png 300w, https:\/\/www.creativejuiz.fr\/blog\/wp-content\/uploads\/2014\/07\/dons-aux-auteurs-768x148.png 768w, https:\/\/www.creativejuiz.fr\/blog\/wp-content\/uploads\/2014\/07\/dons-aux-auteurs-600x116.png 600w\" sizes=\"(max-width: 539px) 100vw, 539px\" \/><\/a><\/p>\n<h2>Parlez de Creative Juiz autour de vous<\/h2>\n<p>Vous pouvez \u00e9galement soutenir Creative Juiz en parlant du blog autour de vous, ou sur les r\u00e9seaux sociaux.<br \/>\nN&rsquo;oubliez pas de me suivre sur Twitter (<a href=\"http:\/\/twitter.com\/geoffreycrofte\">@geoffreycrofte<\/a>) ou sur <a href=\"https:\/\/www.linkedin.com\/in\/geoffreycrofte\/\">LinkedIn<\/a>.<\/p>\n","protected":false},"excerpt":{"rendered":"<p>\u00c9diter un blog lorsque l&rsquo;on est seul \u00e0 le g\u00e9rer (il existe d&rsquo;autres auteurs), et lorsque l&rsquo;on embauche pas 2 stagiaires et 3 employ\u00e9s pay\u00e9s au lance-pierre, cela devient chronophage et relativement gourmand financi\u00e8rement. Bien entendu \u00e9crire pour ce blog est un plaisir et le soutient des lecteurs bien r\u00e9el. Cependant, lorsque le dilemme se [&hellip;]<\/p>\n","protected":false},"author":4,"featured_media":0,"parent":0,"menu_order":0,"comment_status":"closed","ping_status":"closed","template":"","meta":{"_acf_changed":false,"footnotes":""},"coauthors":[597],"class_list":["post-4085","page","type-page","status-publish","hentry"],"acf":[],"aioseo_notices":[],"_links":{"self":[{"href":"https:\/\/www.creativejuiz.fr\/blog\/wp-json\/wp\/v2\/pages\/4085","targetHints":{"allow":["GET"]}}],"collection":[{"href":"https:\/\/www.creativejuiz.fr\/blog\/wp-json\/wp\/v2\/pages"}],"about":[{"href":"https:\/\/www.creativejuiz.fr\/blog\/wp-json\/wp\/v2\/types\/page"}],"author":[{"embeddable":true,"href":"https:\/\/www.creativejuiz.fr\/blog\/wp-json\/wp\/v2\/users\/4"}],"replies":[{"embeddable":true,"href":"https:\/\/www.creativejuiz.fr\/blog\/wp-json\/wp\/v2\/comments?post=4085"}],"version-history":[{"count":3,"href":"https:\/\/www.creativejuiz.fr\/blog\/wp-json\/wp\/v2\/pages\/4085\/revisions"}],"predecessor-version":[{"id":7305,"href":"https:\/\/www.creativejuiz.fr\/blog\/wp-json\/wp\/v2\/pages\/4085\/revisions\/7305"}],"wp:attachment":[{"href":"https:\/\/www.creativejuiz.fr\/blog\/wp-json\/wp\/v2\/media?parent=4085"}],"wp:term":[{"taxonomy":"author","embeddable":true,"href":"https:\/\/www.creativejuiz.fr\/blog\/wp-json\/wp\/v2\/coauthors?post=4085"}],"curies":[{"name":"wp","href":"https:\/\/api.w.org\/{rel}","templated":true}]}}