{"id":4664,"date":"2015-01-20T19:44:34","date_gmt":"2015-01-20T18:44:34","guid":{"rendered":"https:\/\/www.creativejuiz.fr\/blog\/?page_id=4664"},"modified":"2021-07-13T10:49:06","modified_gmt":"2021-07-13T08:49:06","slug":"inscription","status":"publish","type":"page","link":"https:\/\/www.creativejuiz.fr\/blog\/inscription","title":{"rendered":"M&rsquo;inscrire sur Creative Juiz"},"content":{"rendered":"<p>Creative Juiz propose de nouveaux services li\u00e9s \u00e0 vos commentaires, la gestion de vos favoris ou encore la possibilit\u00e9 de proposer des articles.<br \/>\nD&rsquo;autres fonctionnalit\u00e9s vont \u00e9galement venir s&rsquo;ajouter dans un avenir proche.<\/p>\n<p>[juiz_subscription type=\u00a0\u00bbnormal\u00a0\u00bb]<\/p>\n","protected":false},"excerpt":{"rendered":"<p>Creative Juiz propose de nouveaux services li\u00e9s \u00e0 vos commentaires, la gestion de vos favoris ou encore la possibilit\u00e9 de proposer des articles. D&rsquo;autres fonctionnalit\u00e9s vont \u00e9galement venir s&rsquo;ajouter dans un avenir proche. [juiz_subscription type=\u00a0\u00bbnormal\u00a0\u00bb]<\/p>\n","protected":false},"author":4,"featured_media":0,"parent":0,"menu_order":0,"comment_status":"closed","ping_status":"closed","template":"","meta":{"_acf_changed":false,"footnotes":""},"coauthors":[597],"class_list":["post-4664","page","type-page","status-publish","hentry"],"acf":[],"aioseo_notices":[],"_links":{"self":[{"href":"https:\/\/www.creativejuiz.fr\/blog\/wp-json\/wp\/v2\/pages\/4664","targetHints":{"allow":["GET"]}}],"collection":[{"href":"https:\/\/www.creativejuiz.fr\/blog\/wp-json\/wp\/v2\/pages"}],"about":[{"href":"https:\/\/www.creativejuiz.fr\/blog\/wp-json\/wp\/v2\/types\/page"}],"author":[{"embeddable":true,"href":"https:\/\/www.creativejuiz.fr\/blog\/wp-json\/wp\/v2\/users\/4"}],"replies":[{"embeddable":true,"href":"https:\/\/www.creativejuiz.fr\/blog\/wp-json\/wp\/v2\/comments?post=4664"}],"version-history":[{"count":1,"href":"https:\/\/www.creativejuiz.fr\/blog\/wp-json\/wp\/v2\/pages\/4664\/revisions"}],"predecessor-version":[{"id":8016,"href":"https:\/\/www.creativejuiz.fr\/blog\/wp-json\/wp\/v2\/pages\/4664\/revisions\/8016"}],"wp:attachment":[{"href":"https:\/\/www.creativejuiz.fr\/blog\/wp-json\/wp\/v2\/media?parent=4664"}],"wp:term":[{"taxonomy":"author","embeddable":true,"href":"https:\/\/www.creativejuiz.fr\/blog\/wp-json\/wp\/v2\/coauthors?post=4664"}],"curies":[{"name":"wp","href":"https:\/\/api.w.org\/{rel}","templated":true}]}}