{"id":4666,"date":"2015-01-20T19:45:42","date_gmt":"2015-01-20T18:45:42","guid":{"rendered":"https:\/\/www.creativejuiz.fr\/blog\/?page_id=4666"},"modified":"2021-07-13T10:50:02","modified_gmt":"2021-07-13T08:50:02","slug":"mentions-legales","status":"publish","type":"page","link":"https:\/\/www.creativejuiz.fr\/blog\/mentions-legales","title":{"rendered":"Mentions L\u00e9gales"},"content":{"rendered":"<h2>D\u00e9finitions<\/h2>\n<ul>\n<li>Le Blog : il s&rsquo;agit du site web h\u00e9berg\u00e9 sous le nom de domaine https:\/\/www.creativejuiz.fr\/blog\/ et de toutes les pages le composant.<\/li>\n<li>L&rsquo;\u00c9diteur : il s&rsquo;agit de Geoffrey Crofte, cr\u00e9ateur du Blog, au titre de g\u00e9rant.<\/li>\n<li>Les Auteurs ou l&rsquo;Auteur : il s&rsquo;agit du r\u00e9dacteur d&rsquo;un article original sur le Blog.<\/li>\n<li>Les Membres ou le Membre : il s&rsquo;agit d&rsquo;un utilisateur inscrit et authentifi\u00e9 (connect\u00e9) sur le Blog<\/li>\n<\/ul>\n<h2>Informations administratives<\/h2>\n<p>Le Blog est historiquement maintenu et \u00e9dit\u00e9 \u00e0 titre personnel par l&rsquo;\u00c9diteur et n&rsquo;a aucun but lucratif.<br \/>\nCependant il reste li\u00e9 \u00e0 la structure Auto-Entrepreneuriale de Geoffrey Crofte.<\/p>\n<p><strong>Responsable de publication<\/strong> : Geoffrey Crofte (Creative Juiz)<br \/>\n<strong> Si\u00e8ge Social<\/strong> : 8 rue des Glaci\u00e8res &#8211; 67000 Strasbourg<br \/>\n<strong> Siret<\/strong> : 523 410 538 00020 &#8211; APE : 6201Z<br \/>\n<strong> H\u00e9bergement<\/strong> : OVH, 2 Rue Kellermann, 59100 Roubaix &#8211; Serveur maintenu par Guillaume Focheux (<a href=\"http:\/\/boot.re\">Boot.re<\/a>)<\/p>\n<h2>Donn\u00e9es personnelles<\/h2>\n<p>Les donn\u00e9es personnelles collect\u00e9es par le Blog via le formulaire de contact sont uniquement destin\u00e9es \u00e0 un usage interne. En aucun cas ces donn\u00e9es ne seront c\u00e9d\u00e9es, communiqu\u00e9es, vendues \u00e0 des tiers ou r\u00e9utilis\u00e9es dans un cadre non sollicit\u00e9 par vos soins. Votre adresse e-mail ne sera ni stock\u00e9e dans une base de donn\u00e9es ni r\u00e9utilis\u00e9e (sauf pour r\u00e9pondre \u00e0 une demande de contact e-mail). Conform\u00e9ment \u00e0 la l\u00e9gislation fran\u00e7aise, le Blog n&rsquo;a aucune obligation de d\u00e9claration \u00e0 la CNIL, cependant vous disposez d&rsquo;un droit d&rsquo;acc\u00e8s, de modification, de rectification et de suppression des donn\u00e9es qui vous concernent.<\/p>\n<p>Les donn\u00e9es collect\u00e9e lors de l&rsquo;enregistrement d&rsquo;un Membre ne sont utilis\u00e9es qu&rsquo;\u00e0 des fins de gestion de ses pr\u00e9f\u00e9rences et bon fonctionnement du Blog et de ses espaces privatifs.<\/p>\n<h2>Cookies<\/h2>\n<p>Les cookies sont des petits fichiers que votre navigateur re\u00e7oit de notre serveur pour y stocker vos pr\u00e9f\u00e9rences. Le Blog n&rsquo;utilise aucun cookie sur ce site en-dehors de ceux inclus par Piwik, outil de statistique de visites. Cet outil collecte des adresses IP masqu\u00e9es et n&rsquo;impose pas au Blog de demander votre accord quant \u00e0 l&rsquo;autorisation de stockage de ces fichiers.<\/p>\n<h2>Liens<\/h2>\n<p>Les sites reli\u00e9s directement ou indirectement au Blog, notamment dans les diff\u00e9rents articles ou le bloc de partenaires, ne sont pas sous son contr\u00f4le. En cons\u00e9quence, l&rsquo;\u00c9diteur n&rsquo;assume aucune responsabilit\u00e9 quant aux informations publi\u00e9es sur ces sites. Les liens avec des sites ext\u00e9rieurs ne sont fournis qu&rsquo;\u00e0 titre de commodit\u00e9 et n&rsquo;impliquent aucune caution quant \u00e0 leur contenu. Cependant n&rsquo;h\u00e9sitez pas \u00e0 signaler tout contenu qui vous choquerait.<\/p>\n<h3>Liens affili\u00e9s<\/h3>\n<p>Les liens en affiliation respecte la m\u00eame politique que les autres liens.<br \/>\n<a href=\"https:\/\/www.creativejuiz.fr\/blog\/politique-liens-affilies\">Plus de pr\u00e9cisions sur la politique des liens affili\u00e9s<\/a>.<\/p>\n<h2>Contenus et outils<\/h2>\n<p>L&rsquo;\u00c9diteur n&rsquo;assure aucune garantie quant \u00e0 la fiabilit\u00e9 ou au fonctionnement de ce service. L&rsquo;\u00c9diteur ne peut en aucun cas \u00eatre tenu pour responsable de tous dommages quels qu&rsquo;ils soient, y compris mais non de fa\u00e7on limitative, des dommages directs, indirects, accessoires ou incidents, des pertes de b\u00e9n\u00e9fices ou de l&rsquo;interruption d&rsquo;activit\u00e9, r\u00e9sultant de l&rsquo;utilisation ou de l&rsquo;impossibilit\u00e9 d&rsquo;utilisation de ce service.<\/p>\n<h2>Cr\u00e9dits et Reproduction<\/h2>\n<p>Le contenu du Blog est soumis au droit d&rsquo;auteur et il est interdit de reproduire, repr\u00e9senter, transf\u00e9rer, distribuer, ou d&rsquo;enregistrer tout ou partie de ces \u00e9l\u00e9ments, sous quelque forme que ce soit, sans l&rsquo;accord pr\u00e9alable et \u00e9crit de l&rsquo;\u00c9diteur et des Auteurs des contenus. Les images et illustrations utilis\u00e9es sont r\u00e9alis\u00e9es par l&rsquo;\u00c9diteur ou l&rsquo;Auteur. Certains des ic\u00f4nes pr\u00e9sentes sur le Blog sont produites par icon8.com.<\/p>\n","protected":false},"excerpt":{"rendered":"<p>D\u00e9finitions Le Blog : il s&rsquo;agit du site web h\u00e9berg\u00e9 sous le nom de domaine https:\/\/www.creativejuiz.fr\/blog\/ et de toutes les pages le composant. L&rsquo;\u00c9diteur : il s&rsquo;agit de Geoffrey Crofte, cr\u00e9ateur du Blog, au titre de g\u00e9rant. Les Auteurs ou l&rsquo;Auteur : il s&rsquo;agit du r\u00e9dacteur d&rsquo;un article original sur le Blog. Les Membres ou [&hellip;]<\/p>\n","protected":false},"author":4,"featured_media":0,"parent":0,"menu_order":0,"comment_status":"closed","ping_status":"closed","template":"","meta":{"_acf_changed":false,"footnotes":""},"coauthors":[597],"class_list":["post-4666","page","type-page","status-publish","hentry"],"acf":[],"aioseo_notices":[],"_links":{"self":[{"href":"https:\/\/www.creativejuiz.fr\/blog\/wp-json\/wp\/v2\/pages\/4666","targetHints":{"allow":["GET"]}}],"collection":[{"href":"https:\/\/www.creativejuiz.fr\/blog\/wp-json\/wp\/v2\/pages"}],"about":[{"href":"https:\/\/www.creativejuiz.fr\/blog\/wp-json\/wp\/v2\/types\/page"}],"author":[{"embeddable":true,"href":"https:\/\/www.creativejuiz.fr\/blog\/wp-json\/wp\/v2\/users\/4"}],"replies":[{"embeddable":true,"href":"https:\/\/www.creativejuiz.fr\/blog\/wp-json\/wp\/v2\/comments?post=4666"}],"version-history":[{"count":1,"href":"https:\/\/www.creativejuiz.fr\/blog\/wp-json\/wp\/v2\/pages\/4666\/revisions"}],"predecessor-version":[{"id":8017,"href":"https:\/\/www.creativejuiz.fr\/blog\/wp-json\/wp\/v2\/pages\/4666\/revisions\/8017"}],"wp:attachment":[{"href":"https:\/\/www.creativejuiz.fr\/blog\/wp-json\/wp\/v2\/media?parent=4666"}],"wp:term":[{"taxonomy":"author","embeddable":true,"href":"https:\/\/www.creativejuiz.fr\/blog\/wp-json\/wp\/v2\/coauthors?post=4666"}],"curies":[{"name":"wp","href":"https:\/\/api.w.org\/{rel}","templated":true}]}}